{"id":106,"date":"2015-01-24T00:56:27","date_gmt":"2015-01-24T00:56:27","guid":{"rendered":"http:\/\/svirkala.lt\/?page_id=106"},"modified":"2015-10-12T23:25:03","modified_gmt":"2015-10-12T23:25:03","slug":"kampuotis","status":"publish","type":"page","link":"https:\/\/svirkala.lt\/?page_id=106","title":{"rendered":"Kampuotis"},"content":{"rendered":"<p style=\"text-align: justify;\">\n<p style=\"text-align: justify;\">Kampuotis &#8211; e\u017eeras \u0160ven\u010dioni\u0173 rajone. E\u017eeras patenk\u0105 \u012f saugom\u0105 Asvejos regioninio parko teritorij\u0105 ir yra jos Pietrytiniame kampe, nuo Asvejos e\u017eero nutol\u0119s ma\u017eiau nei 2 km Pietry\u010di\u0173 kryptimi.<\/p>\n<p style=\"text-align: justify;\">Kampuo\u010dio plotas 4 ha, did\u017eiausias gylis 8 m. Kranto linija vingiuota, \u0161iaurinis galas seklesnis, su gausesne vandens augalija, pietinis galas gilesnis, \u010dia yra ir giliausia e\u017eero vieta. Dugnas dumbl\u0117tas, prie krant\u0173 nema\u017eai nuskendusi\u0173 med\u017ei\u0173, \u0161iek\u0161t\u0173. Vandens skaidrumas vidutinis, ta\u010diau e\u017eeras pratekantis. E\u017eero krantai beveik visu perimetru pelk\u0117ti, sunkiai prieinami, tod\u0117l geriausios s\u0105lygos \u017e\u016bklei \u010dia yra \u017eiemos metu, kai yra ledas. \u017dinoma, reikia nepamir\u0161ti, kad e\u017eeras yra pratekantis ir laikytis saugumo ant ledo rekomendacij\u0173. \u017duvys: lydekos, e\u0161eriai, kuojos, raud\u0117s, lynai. Pagal \u017euv\u0173 i\u0161tekli\u0173 naudojimo, atk\u016brimo ir apsaugos priemoni\u0173 plan\u0105 e\u017eeras kiekvienais metais \u017euvinamas lydekomis (dydis &#8211; \u0161iumet\u0117s).<\/p>\n<p style=\"text-align: justify;\"><a href=\"http:\/\/www.maps.lt\/map\/default.aspx?lang=lt#obj=606800;6094235;Pa%C5%BEym%C4%97tas%20ta%C5%A1kas;&amp;xy=606901,6094385&amp;z=5000&amp;lrs=vector,stops,zebra\" target=\"_blank\">Vieta \u017eem\u0117lapyje<\/a><\/p>\n","protected":false},"excerpt":{"rendered":"<p>Kampuotis &#8211; e\u017eeras \u0160ven\u010dioni\u0173 rajone. E\u017eeras patenk\u0105 \u012f saugom\u0105 Asvejos regioninio parko teritorij\u0105 ir yra jos Pietrytiniame kampe, nuo Asvejos e\u017eero nutol\u0119s ma\u017eiau nei 2 km Pietry\u010di\u0173 kryptimi. Kampuo\u010dio plotas 4 ha, did\u017eiausias gylis 8 m. Kranto linija vingiuota, \u0161iaurinis galas seklesnis, su gausesne vandens augalija, pietinis galas gilesnis, \u010dia yra ir giliausia e\u017eero vieta. &hellip; <a href=\"https:\/\/svirkala.lt\/?page_id=106\" class=\"more-link\">Toliau skaityti <span class=\"screen-reader-text\">Kampuotis<\/span> <span class=\"meta-nav\">&rarr;<\/span><\/a><\/p>\n","protected":false},"author":1,"featured_media":172,"parent":102,"menu_order":0,"comment_status":"closed","ping_status":"closed","template":"","meta":[],"_links":{"self":[{"href":"https:\/\/svirkala.lt\/index.php?rest_route=\/wp\/v2\/pages\/106"}],"collection":[{"href":"https:\/\/svirkala.lt\/index.php?rest_route=\/wp\/v2\/pages"}],"about":[{"href":"https:\/\/svirkala.lt\/index.php?rest_route=\/wp\/v2\/types\/page"}],"author":[{"embeddable":true,"href":"https:\/\/svirkala.lt\/index.php?rest_route=\/wp\/v2\/users\/1"}],"replies":[{"embeddable":true,"href":"https:\/\/svirkala.lt\/index.php?rest_route=%2Fwp%2Fv2%2Fcomments&post=106"}],"version-history":[{"count":12,"href":"https:\/\/svirkala.lt\/index.php?rest_route=\/wp\/v2\/pages\/106\/revisions"}],"predecessor-version":[{"id":288,"href":"https:\/\/svirkala.lt\/index.php?rest_route=\/wp\/v2\/pages\/106\/revisions\/288"}],"up":[{"embeddable":true,"href":"https:\/\/svirkala.lt\/index.php?rest_route=\/wp\/v2\/pages\/102"}],"wp:featuredmedia":[{"embeddable":true,"href":"https:\/\/svirkala.lt\/index.php?rest_route=\/wp\/v2\/media\/172"}],"wp:attachment":[{"href":"https:\/\/svirkala.lt\/index.php?rest_route=%2Fwp%2Fv2%2Fmedia&parent=106"}],"curies":[{"name":"wp","href":"https:\/\/api.w.org\/{rel}","templated":true}]}}