{"id":115,"date":"2015-01-24T01:45:51","date_gmt":"2015-01-24T01:45:51","guid":{"rendered":"http:\/\/svirkala.lt\/?page_id=115"},"modified":"2015-01-28T22:18:27","modified_gmt":"2015-01-28T22:18:27","slug":"2-parama","status":"publish","type":"page","link":"https:\/\/svirkala.lt\/?page_id=115","title":{"rendered":"2% parama"},"content":{"rendered":"<p>J\u016bs galite paremti klubo veikl\u0105, skirdami \u017evej\u0173 klubui &#8222;Svirkala&#8221; iki 2 %\u00a0valstybei sumok\u0117to gyventoj\u0173 pajam\u0173 mokes\u010dio. Tai galite padaryti dviem b\u016bdais:<\/p>\n<h5><a href=\"http:\/\/svirkala.lt\/wp-content\/uploads\/2014\/01\/1column.png\"><img loading=\"lazy\" class=\"alignnone size-full wp-image-21\" src=\"http:\/\/svirkala.lt\/wp-content\/uploads\/2014\/01\/1column.png\" alt=\"1column\" width=\"51\" height=\"51\" \/><\/a>\u00a0Elektroniniu b\u016bdu<\/h5>\n<p style=\"text-align: justify;\">Elektroniniu b\u016bdu Valstybin\u0117s mokes\u010di\u0173 inspekcijos elektronin\u0117je deklaravimo sistemoje <a title=\"VMI elektroninio deklaravimo sistema\" href=\"https:\/\/deklaravimas.vmi.lt\" target=\"_blank\">https:\/\/deklaravimas.vmi.lt<\/a> pateikdami\u00a0PRA\u0160YM\u0104 PERVESTI PAJAM\u0172 MOKES\u010cIO DAL\u012e VIENETAMS, TURINTIEMS TEIS\u0118 GAUTI PARAM\u0104, IR (ARBA) POLITIN\u0116MS PARTIJOMS. Pra\u0161ymas yra pateikiamas u\u017epildant\u00a0form\u0105\u00a0&#8222;FR5012 v2&#8221;.<\/p>\n<h5><a href=\"http:\/\/svirkala.lt\/wp-content\/uploads\/2014\/01\/2column.png\"><img loading=\"lazy\" class=\"alignnone size-full wp-image-22\" src=\"http:\/\/svirkala.lt\/wp-content\/uploads\/2014\/01\/2column.png\" alt=\"2column\" width=\"51\" height=\"51\" \/><\/a>\u00a0Tiesiogiai Valstybinei mokes\u010di\u0173 inspekcijai<\/h5>\n<p style=\"text-align: justify;\">Reikia u\u017epildyti popierin\u012f pra\u0161ymo formos &#8222;FR5012 v2&#8221; variant\u0105, kur\u012f galima parsisi\u0173sti i\u0161 <a title=\"Forma &quot;FR5012 v2&quot;\" href=\"http:\/\/www.vmi.lt\/cms\/formos\" target=\"_blank\">VMI svetain\u0117s<\/a> ir pasira\u0161yt\u0105 asmeni\u0161kai pateikti Valstybin\u0117s mokes\u010di\u0173 inspekcijos skyriui.<\/p>\n<p style=\"text-align: justify;\">Pildymo instrukcija:<\/p>\n<p style=\"text-align: justify;\">Laukelis 1 &#8222;Mokes\u010di\u0173 mok\u0117toje identifikacinis numeris (asmens kodas) &#8211; \u012fra\u0161yti\u00a0paramos skyr\u0117jo asmens kod\u0105.<\/p>\n<p style=\"text-align: justify;\">Laukelis 3V &#8222;Vardas&#8221; &#8211; \u012fra\u0161yti paramos skyr\u0117jo vard\u0105.<\/p>\n<p style=\"text-align: justify;\">Laukelis 3P &#8222;Pavard\u0117&#8221; &#8211; \u012fra\u0161yti paramos skyr\u0117jo pavard\u0119.<\/p>\n<p style=\"text-align: justify;\">Laukelis 4 &#8222;Adresas&#8221; &#8211; \u012fra\u0161yti paramos skyr\u0117jo adres\u0105.<\/p>\n<p style=\"text-align: justify;\">Laukelis 5 &#8222;Mokestinis laikotarpis&#8221; &#8211; \u012fra\u0161yti pra\u0117jusius mokestinius metus, tai yra, jeigu pra\u0161ymas pildomas 2015 m., laukelyje 5 pildoma &#8222;<strong>2014<\/strong>&#8222;.<\/p>\n<p style=\"text-align: justify;\">Laukelis 6S &#8222;Mokes\u010di\u0173 dal\u012f skiriu vienetams, turintiems teis\u0119 gauti param\u0105&#8221; &#8211; pa\u017eym\u0117ti dviem sukry\u017eiuotom linijom.<\/p>\n<p style=\"text-align: justify;\">Laukelis E1 &#8222;Gav\u0117jo tipas&#8221; &#8211; \u012fra\u0161yti &#8222;<strong>2<\/strong>&#8222;.<\/p>\n<p style=\"text-align: justify;\">Laukelis E2 &#8222;Gav\u0117jo identifikacinis numeris (kodas)&#8221; &#8211; \u012fra\u0161yti &#8222;<strong>303075915<\/strong>&#8222;.<\/p>\n<p style=\"text-align: justify;\">Laukelis E3 &#8222;Mokes\u010dio dalies paskirtis&#8221; &#8211; pildyti neprivaloma, ta\u010diau galima \u012fra\u0161yti &#8222;<strong>\u017dVEJ\u0172 KLUBAS SVIRKALA<\/strong>&#8222;.<\/p>\n<p style=\"text-align: justify;\">Laukelis E4 &#8222;Mokes\u010dio dalies dysis (prorcentais)&#8221; &#8211; \u012fra\u0161yti &#8222;<strong>2<\/strong>&#8222;.<\/p>\n<p style=\"text-align: justify;\">Laukelis E5 &#8222;Mokes\u010dio dyd\u012f skiriu iki mokestinio laikotarpio&#8221; &#8211; jeigu pageidaujate\u00a02 %\u00a0valstybei sumok\u0117to gyventoj\u0173 pajam\u0173 mokes\u010dio skirti ilgiau kaip\u00a0vienus metus, galite \u012fra\u0161yti metus, pavyzd\u017eiui &#8222;<strong>2018<\/strong>&#8222;.<\/p>\n<p style=\"text-align: justify;\">Popierin\u0117s formos apa\u010dioje reikia pasira\u0161yti ir \u012fra\u0161yti paramos skyr\u0117jo vard\u0105 ir pavard\u0119.<\/p>\n","protected":false},"excerpt":{"rendered":"<p>J\u016bs galite paremti klubo veikl\u0105, skirdami \u017evej\u0173 klubui &#8222;Svirkala&#8221; iki 2 %\u00a0valstybei sumok\u0117to gyventoj\u0173 pajam\u0173 mokes\u010dio. Tai galite padaryti dviem b\u016bdais: \u00a0Elektroniniu b\u016bdu Elektroniniu b\u016bdu Valstybin\u0117s mokes\u010di\u0173 inspekcijos elektronin\u0117je deklaravimo sistemoje https:\/\/deklaravimas.vmi.lt pateikdami\u00a0PRA\u0160YM\u0104 PERVESTI PAJAM\u0172 MOKES\u010cIO DAL\u012e VIENETAMS, TURINTIEMS TEIS\u0118 GAUTI PARAM\u0104, IR (ARBA) POLITIN\u0116MS PARTIJOMS. Pra\u0161ymas yra pateikiamas u\u017epildant\u00a0form\u0105\u00a0&#8222;FR5012 v2&#8221;. \u00a0Tiesiogiai Valstybinei mokes\u010di\u0173 inspekcijai &hellip; <a href=\"https:\/\/svirkala.lt\/?page_id=115\" class=\"more-link\">Toliau skaityti <span class=\"screen-reader-text\">2% parama<\/span> <span class=\"meta-nav\">&rarr;<\/span><\/a><\/p>\n","protected":false},"author":1,"featured_media":0,"parent":0,"menu_order":4,"comment_status":"closed","ping_status":"closed","template":"","meta":[],"_links":{"self":[{"href":"https:\/\/svirkala.lt\/index.php?rest_route=\/wp\/v2\/pages\/115"}],"collection":[{"href":"https:\/\/svirkala.lt\/index.php?rest_route=\/wp\/v2\/pages"}],"about":[{"href":"https:\/\/svirkala.lt\/index.php?rest_route=\/wp\/v2\/types\/page"}],"author":[{"embeddable":true,"href":"https:\/\/svirkala.lt\/index.php?rest_route=\/wp\/v2\/users\/1"}],"replies":[{"embeddable":true,"href":"https:\/\/svirkala.lt\/index.php?rest_route=%2Fwp%2Fv2%2Fcomments&post=115"}],"version-history":[{"count":6,"href":"https:\/\/svirkala.lt\/index.php?rest_route=\/wp\/v2\/pages\/115\/revisions"}],"predecessor-version":[{"id":133,"href":"https:\/\/svirkala.lt\/index.php?rest_route=\/wp\/v2\/pages\/115\/revisions\/133"}],"wp:attachment":[{"href":"https:\/\/svirkala.lt\/index.php?rest_route=%2Fwp%2Fv2%2Fmedia&parent=115"}],"curies":[{"name":"wp","href":"https:\/\/api.w.org\/{rel}","templated":true}]}}