{"id":192,"date":"2015-02-05T23:59:50","date_gmt":"2015-02-05T23:59:50","guid":{"rendered":"http:\/\/svirkala.lt\/?page_id=192"},"modified":"2015-10-09T14:24:15","modified_gmt":"2015-10-09T14:24:15","slug":"limituotos-zvejybos-salygos","status":"publish","type":"page","link":"https:\/\/svirkala.lt\/?page_id=192","title":{"rendered":"Limituotos \u017evejybos s\u0105lygos"},"content":{"rendered":"<h5 style=\"text-align: center;\">Limituotos \u017evejybos s\u0105lygos ir taisykl\u0117s Svirnelio e\u017eere<\/h5>\n<ol>\n<li>\n<h6 style=\"text-align: justify;\">\u017dvejoti leid\u017eiama turint leidim\u0105 limituotai \u017evejybai (toliau &#8211; Leidimas), laikantis M\u0117g\u0117j\u0173 \u017evejybos vidaus vandenyse taisykli\u0173 ir \u0161i\u0173 taisykli\u0173 reikalavim\u0173.<\/h6>\n<\/li>\n<li>\n<h6 style=\"text-align: justify;\">I\u0161duodami Leidimai parai. Aplinkosaugos leidim\u0173 informacin\u0117je sistemoje i\u0161duodam\u0173 leidim\u0173 skaidius per par\u0105 &#8211; 10 vnt.<\/h6>\n<\/li>\n<li>\n<h6 style=\"text-align: justify;\">Leidimas suteikia teis\u0119 per vien\u0105 \u017evejyb\u0105 sugauti ir paimti 2 lynus (ne ma\u017eesnius nei 30\u00a0cm ir ne didesnius nei 45 cm). Kol sugaunamas leidime nurodytas \u017euv\u0173 kiekis, galima papildomai\u00a0su\u017evejoti M\u0117g\u0117j\u0173 \u017evejybos\u00a0vidaus vandenyse taisykli\u0173 nustatyt\u0105 leistin\u0105 kit\u0173 \u017euv\u0173 kiek\u012f.<\/h6>\n<\/li>\n<li>\n<h6 style=\"text-align: justify;\">Draud\u017eiama naudoti masalui gyv\u0105 \u017euvel\u0119.<\/h6>\n<\/li>\n<li>\n<h6 style=\"text-align: justify;\">Draud\u017eiama \u017evejoti nuo ledo nutirpimo iki gegu\u017e\u0117s 1 d.<\/h6>\n<\/li>\n<li>\n<h6 style=\"text-align: justify;\">Draud\u017eiama \u017evejoti\u00a0i\u0161 vandens transporto priemoni\u0173.<\/h6>\n<\/li>\n<li>\n<h6 style=\"text-align: justify;\">Be Leidim\u0173 \u017evejoti turi teis\u0119 nemokam\u0105 \u017evejybos teis\u0119 turintys asmenys: asmenys iki 16\u00a0met\u0173, valstybinio socialinio draudimo pensininkai ir ne\u012fgalieji. Nemokam\u0105 \u017evejybos teis\u0119 turintys\u00a0asmenys \u017evejojantys be Leidimo, visus sugautus lynus privalo nedelsdami paleisti atgal \u012f vandens\u00a0telkin\u012f.<\/h6>\n<\/li>\n<li>\n<h6 style=\"text-align: justify;\">\u017dvejojantys asmenys (iskaitant asmenis, turin\u010dius nemokam\u0105 \u017evejybos teis\u0119) \u017evejybos ploto\u00a0naudotojo nustatyta tvarka turi teikti jam duomenis apie sugautas \u017euvis.<\/h6>\n<\/li>\n<\/ol>\n","protected":false},"excerpt":{"rendered":"<p>Limituotos \u017evejybos s\u0105lygos ir taisykl\u0117s Svirnelio e\u017eere \u017dvejoti leid\u017eiama turint leidim\u0105 limituotai \u017evejybai (toliau &#8211; Leidimas), laikantis M\u0117g\u0117j\u0173 \u017evejybos vidaus vandenyse taisykli\u0173 ir \u0161i\u0173 taisykli\u0173 reikalavim\u0173. I\u0161duodami Leidimai parai. Aplinkosaugos leidim\u0173 informacin\u0117je sistemoje i\u0161duodam\u0173 leidim\u0173 skaidius per par\u0105 &#8211; 10 vnt. Leidimas suteikia teis\u0119 per vien\u0105 \u017evejyb\u0105 sugauti ir paimti 2 lynus (ne ma\u017eesnius nei &hellip; <a href=\"https:\/\/svirkala.lt\/?page_id=192\" class=\"more-link\">Toliau skaityti <span class=\"screen-reader-text\">Limituotos \u017evejybos s\u0105lygos<\/span> <span class=\"meta-nav\">&rarr;<\/span><\/a><\/p>\n","protected":false},"author":1,"featured_media":0,"parent":200,"menu_order":0,"comment_status":"closed","ping_status":"closed","template":"","meta":[],"_links":{"self":[{"href":"https:\/\/svirkala.lt\/index.php?rest_route=\/wp\/v2\/pages\/192"}],"collection":[{"href":"https:\/\/svirkala.lt\/index.php?rest_route=\/wp\/v2\/pages"}],"about":[{"href":"https:\/\/svirkala.lt\/index.php?rest_route=\/wp\/v2\/types\/page"}],"author":[{"embeddable":true,"href":"https:\/\/svirkala.lt\/index.php?rest_route=\/wp\/v2\/users\/1"}],"replies":[{"embeddable":true,"href":"https:\/\/svirkala.lt\/index.php?rest_route=%2Fwp%2Fv2%2Fcomments&post=192"}],"version-history":[{"count":7,"href":"https:\/\/svirkala.lt\/index.php?rest_route=\/wp\/v2\/pages\/192\/revisions"}],"predecessor-version":[{"id":256,"href":"https:\/\/svirkala.lt\/index.php?rest_route=\/wp\/v2\/pages\/192\/revisions\/256"}],"up":[{"embeddable":true,"href":"https:\/\/svirkala.lt\/index.php?rest_route=\/wp\/v2\/pages\/200"}],"wp:attachment":[{"href":"https:\/\/svirkala.lt\/index.php?rest_route=%2Fwp%2Fv2%2Fmedia&parent=192"}],"curies":[{"name":"wp","href":"https:\/\/api.w.org\/{rel}","templated":true}]}}