{"id":230,"date":"2015-05-01T21:06:14","date_gmt":"2015-05-01T21:06:14","guid":{"rendered":"http:\/\/svirkala.lt\/?page_id=230"},"modified":"2019-11-25T09:46:21","modified_gmt":"2019-11-25T09:46:21","slug":"2015-04-16","status":"publish","type":"page","link":"https:\/\/svirkala.lt\/?page_id=230","title":{"rendered":"2015 04 16"},"content":{"rendered":"<p style=\"text-align: justify;\">2015 m. baland\u017eio 16 d. \u012f\u017euvinimas: Svirnelio e\u017eeras &#8211; 70 vienet\u0173 \u012fvairaus am\u017eiaus lyn\u0173, Kampuo\u010dio e\u017eeras &#8211; 20 vienet\u0173 metinuki\u0173 lydek\u0173, Lazdinink\u0173 e\u017eeras &#8211; 30 vienet\u0173 metinuki\u0173 lydek\u0173.<\/p>\n<p><img loading=\"lazy\" class=\"  wp-image-237 alignnone\" src=\"http:\/\/svirkala.lt\/wp-content\/uploads\/2015\/05\/IMG_6756-300x225.jpg\" alt=\"IMG_6756\" width=\"173\" height=\"130\" srcset=\"https:\/\/svirkala.lt\/wp-content\/uploads\/2015\/05\/IMG_6756-300x225.jpg 300w, https:\/\/svirkala.lt\/wp-content\/uploads\/2015\/05\/IMG_6756-1024x768.jpg 1024w\" sizes=\"(max-width: 173px) 100vw, 173px\" \/><img loading=\"lazy\" class=\"  wp-image-233 alignnone\" src=\"http:\/\/svirkala.lt\/wp-content\/uploads\/2015\/05\/IMG_6771-300x225.jpg\" alt=\"IMG_6771\" width=\"173\" height=\"130\" srcset=\"https:\/\/svirkala.lt\/wp-content\/uploads\/2015\/05\/IMG_6771-300x225.jpg 300w, https:\/\/svirkala.lt\/wp-content\/uploads\/2015\/05\/IMG_6771-1024x768.jpg 1024w\" sizes=\"(max-width: 173px) 100vw, 173px\" \/><a href=\"http:\/\/svirkala.lt\/wp-content\/uploads\/2015\/05\/IMG_6759.jpg\"><img loading=\"lazy\" class=\"  wp-image-238 alignnone\" src=\"http:\/\/svirkala.lt\/wp-content\/uploads\/2015\/05\/IMG_6759-300x225.jpg\" alt=\"IMG_6759\" width=\"173\" height=\"130\" srcset=\"https:\/\/svirkala.lt\/wp-content\/uploads\/2015\/05\/IMG_6759-300x225.jpg 300w, https:\/\/svirkala.lt\/wp-content\/uploads\/2015\/05\/IMG_6759-1024x768.jpg 1024w\" sizes=\"(max-width: 173px) 100vw, 173px\" \/><\/a><a href=\"http:\/\/svirkala.lt\/wp-content\/uploads\/2015\/05\/IMG_6782.jpg\"><img loading=\"lazy\" class=\"wp-image-236 alignnone\" src=\"http:\/\/svirkala.lt\/wp-content\/uploads\/2015\/05\/IMG_6795-300x225.jpg\" alt=\"IMG_6795\" width=\"229\" height=\"172\" srcset=\"https:\/\/svirkala.lt\/wp-content\/uploads\/2015\/05\/IMG_6795-300x225.jpg 300w, https:\/\/svirkala.lt\/wp-content\/uploads\/2015\/05\/IMG_6795.jpg 640w\" sizes=\"(max-width: 229px) 100vw, 229px\" \/><img loading=\"lazy\" class=\"  wp-image-234 alignnone\" src=\"http:\/\/svirkala.lt\/wp-content\/uploads\/2015\/05\/IMG_6782-300x225.jpg\" alt=\"IMG_6782\" width=\"229\" height=\"172\" srcset=\"https:\/\/svirkala.lt\/wp-content\/uploads\/2015\/05\/IMG_6782-300x225.jpg 300w, https:\/\/svirkala.lt\/wp-content\/uploads\/2015\/05\/IMG_6782-1024x768.jpg 1024w\" sizes=\"(max-width: 229px) 100vw, 229px\" \/><\/a><a href=\"http:\/\/svirkala.lt\/wp-content\/uploads\/2015\/05\/IMG_6756.jpg\">\u00a0<\/a><\/p>\n<p style=\"text-align: justify;\"><a href=\"http:\/\/svirkala.lt\/wp-content\/uploads\/2015\/05\/IMG_6787.jpg\"><img loading=\"lazy\" class=\"  wp-image-235 alignnone\" src=\"http:\/\/svirkala.lt\/wp-content\/uploads\/2015\/05\/IMG_6787-300x225.jpg\" alt=\"IMG_6787\" width=\"406\" height=\"305\" srcset=\"https:\/\/svirkala.lt\/wp-content\/uploads\/2015\/05\/IMG_6787-300x225.jpg 300w, https:\/\/svirkala.lt\/wp-content\/uploads\/2015\/05\/IMG_6787-1024x768.jpg 1024w\" sizes=\"(max-width: 406px) 100vw, 406px\" \/><\/a><\/p>\n","protected":false},"excerpt":{"rendered":"<p>2015 m. baland\u017eio 16 d. \u012f\u017euvinimas: Svirnelio e\u017eeras &#8211; 70 vienet\u0173 \u012fvairaus am\u017eiaus lyn\u0173, Kampuo\u010dio e\u017eeras &#8211; 20 vienet\u0173 metinuki\u0173 lydek\u0173, Lazdinink\u0173 e\u017eeras &#8211; 30 vienet\u0173 metinuki\u0173 lydek\u0173. \u00a0<\/p>\n","protected":false},"author":1,"featured_media":0,"parent":93,"menu_order":4,"comment_status":"closed","ping_status":"closed","template":"","meta":[],"_links":{"self":[{"href":"https:\/\/svirkala.lt\/index.php?rest_route=\/wp\/v2\/pages\/230"}],"collection":[{"href":"https:\/\/svirkala.lt\/index.php?rest_route=\/wp\/v2\/pages"}],"about":[{"href":"https:\/\/svirkala.lt\/index.php?rest_route=\/wp\/v2\/types\/page"}],"author":[{"embeddable":true,"href":"https:\/\/svirkala.lt\/index.php?rest_route=\/wp\/v2\/users\/1"}],"replies":[{"embeddable":true,"href":"https:\/\/svirkala.lt\/index.php?rest_route=%2Fwp%2Fv2%2Fcomments&post=230"}],"version-history":[{"count":6,"href":"https:\/\/svirkala.lt\/index.php?rest_route=\/wp\/v2\/pages\/230\/revisions"}],"predecessor-version":[{"id":417,"href":"https:\/\/svirkala.lt\/index.php?rest_route=\/wp\/v2\/pages\/230\/revisions\/417"}],"up":[{"embeddable":true,"href":"https:\/\/svirkala.lt\/index.php?rest_route=\/wp\/v2\/pages\/93"}],"wp:attachment":[{"href":"https:\/\/svirkala.lt\/index.php?rest_route=%2Fwp%2Fv2%2Fmedia&parent=230"}],"curies":[{"name":"wp","href":"https:\/\/api.w.org\/{rel}","templated":true}]}}