{"id":242,"date":"2015-05-01T21:29:21","date_gmt":"2015-05-01T21:29:21","guid":{"rendered":"http:\/\/svirkala.lt\/?page_id=242"},"modified":"2019-11-25T09:46:41","modified_gmt":"2019-11-25T09:46:41","slug":"2014-10-22","status":"publish","type":"page","link":"https:\/\/svirkala.lt\/?page_id=242","title":{"rendered":"2014 10 22"},"content":{"rendered":"<p>2014 m. spalio 22 d. \u012f\u017euvinimas: Svirnelio e\u017eeras &#8211; 7 \u0161iumet\u0117s lydekos, Kampuo\u010dio e\u017eeras &#8211; 20 \u0161iume\u010di\u0173 lydek\u0173, Lazdinink\u0173 e\u017eeras &#8211; 3 \u0161iumet\u0117s lydekos.<\/p>\n<p><a href=\"http:\/\/svirkala.lt\/wp-content\/uploads\/2015\/10\/IMG_6390.jpg\"><img loading=\"lazy\" class=\"alignnone size-medium wp-image-301\" src=\"http:\/\/svirkala.lt\/wp-content\/uploads\/2015\/10\/IMG_6390-300x225.jpg\" alt=\"IMG_6390\" width=\"300\" height=\"225\" srcset=\"https:\/\/svirkala.lt\/wp-content\/uploads\/2015\/10\/IMG_6390-300x225.jpg 300w, https:\/\/svirkala.lt\/wp-content\/uploads\/2015\/10\/IMG_6390-1024x768.jpg 1024w\" sizes=\"(max-width: 300px) 100vw, 300px\" \/><\/a><a href=\"http:\/\/svirkala.lt\/wp-content\/uploads\/2015\/10\/IMG_6393.jpg\"><img loading=\"lazy\" class=\"alignnone size-medium wp-image-302\" src=\"http:\/\/svirkala.lt\/wp-content\/uploads\/2015\/10\/IMG_6393-300x225.jpg\" alt=\"IMG_6393\" width=\"300\" height=\"225\" srcset=\"https:\/\/svirkala.lt\/wp-content\/uploads\/2015\/10\/IMG_6393-300x225.jpg 300w, https:\/\/svirkala.lt\/wp-content\/uploads\/2015\/10\/IMG_6393-1024x768.jpg 1024w\" sizes=\"(max-width: 300px) 100vw, 300px\" \/><\/a><a href=\"http:\/\/svirkala.lt\/wp-content\/uploads\/2015\/10\/IMG_6394.jpg\"><img loading=\"lazy\" class=\"alignnone size-medium wp-image-303\" src=\"http:\/\/svirkala.lt\/wp-content\/uploads\/2015\/10\/IMG_6394-300x225.jpg\" alt=\"IMG_6394\" width=\"300\" height=\"225\" srcset=\"https:\/\/svirkala.lt\/wp-content\/uploads\/2015\/10\/IMG_6394-300x225.jpg 300w, https:\/\/svirkala.lt\/wp-content\/uploads\/2015\/10\/IMG_6394-1024x768.jpg 1024w\" sizes=\"(max-width: 300px) 100vw, 300px\" \/><\/a><\/p>\n","protected":false},"excerpt":{"rendered":"<p>2014 m. spalio 22 d. \u012f\u017euvinimas: Svirnelio e\u017eeras &#8211; 7 \u0161iumet\u0117s lydekos, Kampuo\u010dio e\u017eeras &#8211; 20 \u0161iume\u010di\u0173 lydek\u0173, Lazdinink\u0173 e\u017eeras &#8211; 3 \u0161iumet\u0117s lydekos.<\/p>\n","protected":false},"author":1,"featured_media":0,"parent":93,"menu_order":5,"comment_status":"closed","ping_status":"closed","template":"","meta":[],"_links":{"self":[{"href":"https:\/\/svirkala.lt\/index.php?rest_route=\/wp\/v2\/pages\/242"}],"collection":[{"href":"https:\/\/svirkala.lt\/index.php?rest_route=\/wp\/v2\/pages"}],"about":[{"href":"https:\/\/svirkala.lt\/index.php?rest_route=\/wp\/v2\/types\/page"}],"author":[{"embeddable":true,"href":"https:\/\/svirkala.lt\/index.php?rest_route=\/wp\/v2\/users\/1"}],"replies":[{"embeddable":true,"href":"https:\/\/svirkala.lt\/index.php?rest_route=%2Fwp%2Fv2%2Fcomments&post=242"}],"version-history":[{"count":6,"href":"https:\/\/svirkala.lt\/index.php?rest_route=\/wp\/v2\/pages\/242\/revisions"}],"predecessor-version":[{"id":418,"href":"https:\/\/svirkala.lt\/index.php?rest_route=\/wp\/v2\/pages\/242\/revisions\/418"}],"up":[{"embeddable":true,"href":"https:\/\/svirkala.lt\/index.php?rest_route=\/wp\/v2\/pages\/93"}],"wp:attachment":[{"href":"https:\/\/svirkala.lt\/index.php?rest_route=%2Fwp%2Fv2%2Fmedia&parent=242"}],"curies":[{"name":"wp","href":"https:\/\/api.w.org\/{rel}","templated":true}]}}