{"id":284,"date":"2015-10-12T23:30:17","date_gmt":"2015-10-12T23:30:17","guid":{"rendered":"http:\/\/svirkala.lt\/?page_id=284"},"modified":"2015-10-12T23:33:21","modified_gmt":"2015-10-12T23:33:21","slug":"2015-m-kovo-9-d-nerstavieciu-irengimas-kampuocio-ezere","status":"publish","type":"page","link":"https:\/\/svirkala.lt\/?page_id=284","title":{"rendered":"2015 m. kovo 9 d. ner\u0161tavie\u010di\u0173 \u012frengimas Kampuo\u010dio e\u017eere"},"content":{"rendered":"<p style=\"text-align: justify;\">2015 m. kovo 9 d. ant taip vadinamo &#8222;paskutinio ledo&#8221; klubo nariai visu Kampuo\u010dio e\u017eero perimetru po ledu 1-2m. gylyje \u012freng\u0117 ner\u0161tavietes i\u0161 auk\u0161tyn kojomis apverst\u0173 eglu\u010di\u0173, kurios yra skirtos pagerinti e\u0161eri\u0173 veisimosi s\u0105lygas. Remiantis ichtiolog\u0173 tyrimais, tokiose ner\u0161taviet\u0117se i\u0161ner\u0161t\u0173 ikreli\u0173 prisitvirtinimas ir i\u0161gyvenamumas yra \u017eymiai didesnis, taip pat sudaromos geresn\u0117s i\u0161gyvenimo s\u0105lygos i\u0161siritusiam mailiui. O v\u0117liau ir paaug\u0119 e\u0161eriai m\u0117gsta laikytis \u0161alia toki\u0173 dirbtini\u0173 ner\u0161tavie\u010di\u0173. Paprastai mi\u0161ko e\u017eer\u0117liuose pelk\u0117tais kraintais, kur atabradas labai dumblingas ir augalija menka, e\u0161eri\u0173 populiacijai gausinti labiausiai tr\u016bksta nat\u016brali\u0173 ner\u0161tavie\u010di\u0173. Tikim\u0117s, kad po keli\u0173 met\u0173 bus galima \u012fvertinti atlikt\u0173 darb\u0173 rezultatus. Pirmiausia populiacijos gausa. E\u0161eriai Kampuo\u010dio\u00a0e\u017eere auga gana l\u0117tai, tod\u0117l dideli\u0173 egzempliori\u0173 po 1-3 met\u0173 tik\u0117tis negalima. Vis d\u0117lto nema\u017eai\u00a0\u017evej\u0173 m\u0117g\u0117j\u0173 pasakojo, kad Kampuo\u010dio e\u017eere anks\u010diau b\u016bdavo galima pagauti stambi\u0173 e\u0161eri\u0173 po 500-700 g.<\/p>\n<p style=\"text-align: justify;\"><a href=\"http:\/\/svirkala.lt\/wp-content\/uploads\/2015\/10\/20150308_102925.jpg\"><img loading=\"lazy\" class=\"alignnone size-medium wp-image-287\" src=\"http:\/\/svirkala.lt\/wp-content\/uploads\/2015\/10\/20150308_102925-300x169.jpg\" alt=\"20150308_102925\" width=\"300\" height=\"169\" srcset=\"https:\/\/svirkala.lt\/wp-content\/uploads\/2015\/10\/20150308_102925-300x169.jpg 300w, https:\/\/svirkala.lt\/wp-content\/uploads\/2015\/10\/20150308_102925-1024x576.jpg 1024w\" sizes=\"(max-width: 300px) 100vw, 300px\" \/><\/a><\/p>\n","protected":false},"excerpt":{"rendered":"<p>2015 m. kovo 9 d. ant taip vadinamo &#8222;paskutinio ledo&#8221; klubo nariai visu Kampuo\u010dio e\u017eero perimetru po ledu 1-2m. gylyje \u012freng\u0117 ner\u0161tavietes i\u0161 auk\u0161tyn kojomis apverst\u0173 eglu\u010di\u0173, kurios yra skirtos pagerinti e\u0161eri\u0173 veisimosi s\u0105lygas. Remiantis ichtiolog\u0173 tyrimais, tokiose ner\u0161taviet\u0117se i\u0161ner\u0161t\u0173 ikreli\u0173 prisitvirtinimas ir i\u0161gyvenamumas yra \u017eymiai didesnis, taip pat sudaromos geresn\u0117s i\u0161gyvenimo s\u0105lygos i\u0161siritusiam mailiui. &hellip; <a href=\"https:\/\/svirkala.lt\/?page_id=284\" class=\"more-link\">Toliau skaityti <span class=\"screen-reader-text\">2015 m. kovo 9 d. ner\u0161tavie\u010di\u0173 \u012frengimas Kampuo\u010dio e\u017eere<\/span> <span class=\"meta-nav\">&rarr;<\/span><\/a><\/p>\n","protected":false},"author":1,"featured_media":286,"parent":97,"menu_order":0,"comment_status":"closed","ping_status":"closed","template":"","meta":[],"_links":{"self":[{"href":"https:\/\/svirkala.lt\/index.php?rest_route=\/wp\/v2\/pages\/284"}],"collection":[{"href":"https:\/\/svirkala.lt\/index.php?rest_route=\/wp\/v2\/pages"}],"about":[{"href":"https:\/\/svirkala.lt\/index.php?rest_route=\/wp\/v2\/types\/page"}],"author":[{"embeddable":true,"href":"https:\/\/svirkala.lt\/index.php?rest_route=\/wp\/v2\/users\/1"}],"replies":[{"embeddable":true,"href":"https:\/\/svirkala.lt\/index.php?rest_route=%2Fwp%2Fv2%2Fcomments&post=284"}],"version-history":[{"count":2,"href":"https:\/\/svirkala.lt\/index.php?rest_route=\/wp\/v2\/pages\/284\/revisions"}],"predecessor-version":[{"id":293,"href":"https:\/\/svirkala.lt\/index.php?rest_route=\/wp\/v2\/pages\/284\/revisions\/293"}],"up":[{"embeddable":true,"href":"https:\/\/svirkala.lt\/index.php?rest_route=\/wp\/v2\/pages\/97"}],"wp:featuredmedia":[{"embeddable":true,"href":"https:\/\/svirkala.lt\/index.php?rest_route=\/wp\/v2\/media\/286"}],"wp:attachment":[{"href":"https:\/\/svirkala.lt\/index.php?rest_route=%2Fwp%2Fv2%2Fmedia&parent=284"}],"curies":[{"name":"wp","href":"https:\/\/api.w.org\/{rel}","templated":true}]}}