{"id":309,"date":"2016-04-24T11:31:35","date_gmt":"2016-04-24T11:31:35","guid":{"rendered":"http:\/\/svirkala.lt\/?page_id=309"},"modified":"2019-11-25T09:45:54","modified_gmt":"2019-11-25T09:45:54","slug":"2016-04-07","status":"publish","type":"page","link":"https:\/\/svirkala.lt\/?page_id=309","title":{"rendered":"2016 04 07"},"content":{"rendered":"<p style=\"text-align: justify;\">2016 m. baland\u017eio 7 d. \u012f\u017euvinimas: Svirnelio e\u017eeras \u2013 70 vienet\u0173 65 g svorio\u00a0lyn\u0173, Kampuo\u010dio e\u017eeras \u2013 20 vienet\u0173 metinuki\u0173 lydek\u0173, Lazdinink\u0173 e\u017eeras \u2013 3 vienetai metinuki\u0173 lydek\u0173.<\/p>\n<p><a href=\"http:\/\/svirkala.lt\/wp-content\/uploads\/2016\/04\/Kampuocio-zuvinimas-lydeka.jpg\"><img loading=\"lazy\" class=\"size-medium wp-image-310\" src=\"http:\/\/svirkala.lt\/wp-content\/uploads\/2016\/04\/Kampuocio-zuvinimas-lydeka-300x225.jpg\" alt=\"OLYMPUS DIGITAL CAMERA\" width=\"300\" height=\"225\" srcset=\"https:\/\/svirkala.lt\/wp-content\/uploads\/2016\/04\/Kampuocio-zuvinimas-lydeka-300x225.jpg 300w, https:\/\/svirkala.lt\/wp-content\/uploads\/2016\/04\/Kampuocio-zuvinimas-lydeka-768x576.jpg 768w, https:\/\/svirkala.lt\/wp-content\/uploads\/2016\/04\/Kampuocio-zuvinimas-lydeka-1024x768.jpg 1024w\" sizes=\"(max-width: 300px) 100vw, 300px\" \/><\/a><\/p>\n<p><a href=\"http:\/\/svirkala.lt\/wp-content\/uploads\/2016\/04\/Kampuocio-zuvinimas.jpg\"><img loading=\"lazy\" class=\"size-medium wp-image-311\" src=\"http:\/\/svirkala.lt\/wp-content\/uploads\/2016\/04\/Kampuocio-zuvinimas-300x225.jpg\" alt=\"OLYMPUS DIGITAL CAMERA\" width=\"300\" height=\"225\" srcset=\"https:\/\/svirkala.lt\/wp-content\/uploads\/2016\/04\/Kampuocio-zuvinimas-300x225.jpg 300w, https:\/\/svirkala.lt\/wp-content\/uploads\/2016\/04\/Kampuocio-zuvinimas-768x576.jpg 768w, https:\/\/svirkala.lt\/wp-content\/uploads\/2016\/04\/Kampuocio-zuvinimas-1024x768.jpg 1024w\" sizes=\"(max-width: 300px) 100vw, 300px\" \/><\/a><\/p>\n<p><a href=\"http:\/\/svirkala.lt\/wp-content\/uploads\/2016\/04\/Lazdininku-zuvinimas-lydeka.jpg\"><img loading=\"lazy\" class=\"size-medium wp-image-312\" src=\"http:\/\/svirkala.lt\/wp-content\/uploads\/2016\/04\/Lazdininku-zuvinimas-lydeka-300x225.jpg\" alt=\"OLYMPUS DIGITAL CAMERA\" width=\"300\" height=\"225\" srcset=\"https:\/\/svirkala.lt\/wp-content\/uploads\/2016\/04\/Lazdininku-zuvinimas-lydeka-300x225.jpg 300w, https:\/\/svirkala.lt\/wp-content\/uploads\/2016\/04\/Lazdininku-zuvinimas-lydeka-768x576.jpg 768w, https:\/\/svirkala.lt\/wp-content\/uploads\/2016\/04\/Lazdininku-zuvinimas-lydeka-1024x768.jpg 1024w\" sizes=\"(max-width: 300px) 100vw, 300px\" \/><\/a><\/p>\n<p><a href=\"http:\/\/svirkala.lt\/wp-content\/uploads\/2016\/04\/Lazdininku-zuvinimas.jpg\"><img loading=\"lazy\" class=\"size-medium wp-image-313\" src=\"http:\/\/svirkala.lt\/wp-content\/uploads\/2016\/04\/Lazdininku-zuvinimas-300x225.jpg\" alt=\"OLYMPUS DIGITAL CAMERA\" width=\"300\" height=\"225\" srcset=\"https:\/\/svirkala.lt\/wp-content\/uploads\/2016\/04\/Lazdininku-zuvinimas-300x225.jpg 300w, https:\/\/svirkala.lt\/wp-content\/uploads\/2016\/04\/Lazdininku-zuvinimas-768x576.jpg 768w, https:\/\/svirkala.lt\/wp-content\/uploads\/2016\/04\/Lazdininku-zuvinimas-1024x768.jpg 1024w\" sizes=\"(max-width: 300px) 100vw, 300px\" \/><\/a><\/p>\n<p><a href=\"http:\/\/svirkala.lt\/wp-content\/uploads\/2016\/04\/svirnelio-zuvinimas-lynas.jpg\"><img loading=\"lazy\" class=\"size-medium wp-image-314\" src=\"http:\/\/svirkala.lt\/wp-content\/uploads\/2016\/04\/svirnelio-zuvinimas-lynas-300x225.jpg\" alt=\"OLYMPUS DIGITAL CAMERA\" width=\"300\" height=\"225\" srcset=\"https:\/\/svirkala.lt\/wp-content\/uploads\/2016\/04\/svirnelio-zuvinimas-lynas-300x225.jpg 300w, https:\/\/svirkala.lt\/wp-content\/uploads\/2016\/04\/svirnelio-zuvinimas-lynas-768x576.jpg 768w, https:\/\/svirkala.lt\/wp-content\/uploads\/2016\/04\/svirnelio-zuvinimas-lynas-1024x768.jpg 1024w\" sizes=\"(max-width: 300px) 100vw, 300px\" \/><\/a><\/p>\n<p><a href=\"http:\/\/svirkala.lt\/wp-content\/uploads\/2016\/04\/svirnelio-zuvinimas.jpg\"><img loading=\"lazy\" class=\"size-medium wp-image-315\" src=\"http:\/\/svirkala.lt\/wp-content\/uploads\/2016\/04\/svirnelio-zuvinimas-300x225.jpg\" alt=\"OLYMPUS DIGITAL CAMERA\" width=\"300\" height=\"225\" srcset=\"https:\/\/svirkala.lt\/wp-content\/uploads\/2016\/04\/svirnelio-zuvinimas-300x225.jpg 300w, https:\/\/svirkala.lt\/wp-content\/uploads\/2016\/04\/svirnelio-zuvinimas-768x576.jpg 768w, https:\/\/svirkala.lt\/wp-content\/uploads\/2016\/04\/svirnelio-zuvinimas-1024x768.jpg 1024w\" sizes=\"(max-width: 300px) 100vw, 300px\" \/><\/a><\/p>\n","protected":false},"excerpt":{"rendered":"<p>2016 m. baland\u017eio 7 d. \u012f\u017euvinimas: Svirnelio e\u017eeras \u2013 70 vienet\u0173 65 g svorio\u00a0lyn\u0173, Kampuo\u010dio e\u017eeras \u2013 20 vienet\u0173 metinuki\u0173 lydek\u0173, Lazdinink\u0173 e\u017eeras \u2013 3 vienetai metinuki\u0173 lydek\u0173.<\/p>\n","protected":false},"author":1,"featured_media":0,"parent":93,"menu_order":3,"comment_status":"closed","ping_status":"closed","template":"","meta":[],"_links":{"self":[{"href":"https:\/\/svirkala.lt\/index.php?rest_route=\/wp\/v2\/pages\/309"}],"collection":[{"href":"https:\/\/svirkala.lt\/index.php?rest_route=\/wp\/v2\/pages"}],"about":[{"href":"https:\/\/svirkala.lt\/index.php?rest_route=\/wp\/v2\/types\/page"}],"author":[{"embeddable":true,"href":"https:\/\/svirkala.lt\/index.php?rest_route=\/wp\/v2\/users\/1"}],"replies":[{"embeddable":true,"href":"https:\/\/svirkala.lt\/index.php?rest_route=%2Fwp%2Fv2%2Fcomments&post=309"}],"version-history":[{"count":2,"href":"https:\/\/svirkala.lt\/index.php?rest_route=\/wp\/v2\/pages\/309\/revisions"}],"predecessor-version":[{"id":338,"href":"https:\/\/svirkala.lt\/index.php?rest_route=\/wp\/v2\/pages\/309\/revisions\/338"}],"up":[{"embeddable":true,"href":"https:\/\/svirkala.lt\/index.php?rest_route=\/wp\/v2\/pages\/93"}],"wp:attachment":[{"href":"https:\/\/svirkala.lt\/index.php?rest_route=%2Fwp%2Fv2%2Fmedia&parent=309"}],"curies":[{"name":"wp","href":"https:\/\/api.w.org\/{rel}","templated":true}]}}