{"id":321,"date":"2017-05-05T21:22:58","date_gmt":"2017-05-05T21:22:58","guid":{"rendered":"http:\/\/svirkala.lt\/?page_id=321"},"modified":"2019-11-25T09:45:45","modified_gmt":"2019-11-25T09:45:45","slug":"2017-04-26","status":"publish","type":"page","link":"https:\/\/svirkala.lt\/?page_id=321","title":{"rendered":"2017 04 26"},"content":{"rendered":"<p>2017 m. baland\u017eio 26 d. atliktas privalomasis (planinis) \u012f\u017euvinimas. \u012e\u017euvinimas vyko dalyvaujant \u0160ven\u010dioni\u0173 rajono aplinkos apsaugos agent\u016bros inspektoriui.<\/p>\n<p>I\u0161 viso \u012f klubo e\u017eerus suleista: 7 kg lydek\u0173 (vidurkis &#8211; 300 g\/vnt.) ir 11,5 kg lyn\u0173 (vidurkis &#8211; 160 g\/vnt.).<\/p>\n<p id=\"yui_3_16_0_ym19_1_1494013532678_22826\">Kampuo\u010dio e\u017eere (inv. nr. 52 &#8211; 7, plotas 4,0 ha) &#8211; \u012fleid\u017eiama 20 vnt. \u0161i\u0173me\u010di\u0173 lydek\u0173;<br \/>\nLazdinink\u0173 e\u017eere (inv. nr. 52 &#8211; 9, plotas 0,6 ha) &#8211; \u012fleid\u017eiama 3 vnt. \u0161i\u0173me\u010di\u0173 lydek\u0173;<br \/>\nSvirnelio e\u017eere (inv. nr. 52 &#8211; 8, plotas 1,4 ha) \u2013 70 vnt. \u012fvairaus dyd\u017eio lyn\u0173.<\/p>\n<p><a href=\"http:\/\/svirkala.lt\/wp-content\/uploads\/2017\/05\/Aplinkosaugos-dalyvavimas.jpg\"><img loading=\"lazy\" class=\"alignnone size-medium wp-image-323\" src=\"http:\/\/svirkala.lt\/wp-content\/uploads\/2017\/05\/Aplinkosaugos-dalyvavimas-300x169.jpg\" alt=\"\" width=\"300\" height=\"169\" srcset=\"https:\/\/svirkala.lt\/wp-content\/uploads\/2017\/05\/Aplinkosaugos-dalyvavimas-300x169.jpg 300w, https:\/\/svirkala.lt\/wp-content\/uploads\/2017\/05\/Aplinkosaugos-dalyvavimas-768x432.jpg 768w, https:\/\/svirkala.lt\/wp-content\/uploads\/2017\/05\/Aplinkosaugos-dalyvavimas.jpg 1024w\" sizes=\"(max-width: 300px) 100vw, 300px\" \/><\/a> <a href=\"http:\/\/svirkala.lt\/wp-content\/uploads\/2017\/05\/Kampuo\u010dio-e\u017e.-lydekos.jpg\"><img loading=\"lazy\" class=\"alignnone size-medium wp-image-325\" src=\"http:\/\/svirkala.lt\/wp-content\/uploads\/2017\/05\/Kampuo\u010dio-e\u017e.-lydekos-300x169.jpg\" alt=\"\" width=\"300\" height=\"169\" srcset=\"https:\/\/svirkala.lt\/wp-content\/uploads\/2017\/05\/Kampuo\u010dio-e\u017e.-lydekos-300x169.jpg 300w, https:\/\/svirkala.lt\/wp-content\/uploads\/2017\/05\/Kampuo\u010dio-e\u017e.-lydekos-768x432.jpg 768w, https:\/\/svirkala.lt\/wp-content\/uploads\/2017\/05\/Kampuo\u010dio-e\u017e.-lydekos.jpg 1024w\" sizes=\"(max-width: 300px) 100vw, 300px\" \/><\/a> <a href=\"http:\/\/svirkala.lt\/wp-content\/uploads\/2017\/05\/Lazdinink\u0173-e\u017e.-lydekos-2.jpg\"><img loading=\"lazy\" class=\"alignnone size-medium wp-image-326\" src=\"http:\/\/svirkala.lt\/wp-content\/uploads\/2017\/05\/Lazdinink\u0173-e\u017e.-lydekos-2-300x169.jpg\" alt=\"\" width=\"300\" height=\"169\" srcset=\"https:\/\/svirkala.lt\/wp-content\/uploads\/2017\/05\/Lazdinink\u0173-e\u017e.-lydekos-2-300x169.jpg 300w, https:\/\/svirkala.lt\/wp-content\/uploads\/2017\/05\/Lazdinink\u0173-e\u017e.-lydekos-2-768x432.jpg 768w, https:\/\/svirkala.lt\/wp-content\/uploads\/2017\/05\/Lazdinink\u0173-e\u017e.-lydekos-2.jpg 1024w\" sizes=\"(max-width: 300px) 100vw, 300px\" \/><\/a> <a href=\"http:\/\/svirkala.lt\/wp-content\/uploads\/2017\/05\/Svirnelio-e\u017e.-lynai-2.jpg\"><img loading=\"lazy\" class=\"alignnone size-medium wp-image-328\" src=\"http:\/\/svirkala.lt\/wp-content\/uploads\/2017\/05\/Svirnelio-e\u017e.-lynai-2-300x169.jpg\" alt=\"\" width=\"300\" height=\"169\" srcset=\"https:\/\/svirkala.lt\/wp-content\/uploads\/2017\/05\/Svirnelio-e\u017e.-lynai-2-300x169.jpg 300w, https:\/\/svirkala.lt\/wp-content\/uploads\/2017\/05\/Svirnelio-e\u017e.-lynai-2-768x432.jpg 768w, https:\/\/svirkala.lt\/wp-content\/uploads\/2017\/05\/Svirnelio-e\u017e.-lynai-2.jpg 1024w\" sizes=\"(max-width: 300px) 100vw, 300px\" \/><\/a> <a href=\"http:\/\/svirkala.lt\/wp-content\/uploads\/2017\/05\/Kampuo\u010dio-e\u017e.-lydekos-2.jpg\"><img loading=\"lazy\" class=\"alignnone wp-image-324\" src=\"http:\/\/svirkala.lt\/wp-content\/uploads\/2017\/05\/Kampuo\u010dio-e\u017e.-lydekos-2-169x300.jpg\" alt=\"\" width=\"169\" height=\"299\" srcset=\"https:\/\/svirkala.lt\/wp-content\/uploads\/2017\/05\/Kampuo\u010dio-e\u017e.-lydekos-2-169x300.jpg 169w, https:\/\/svirkala.lt\/wp-content\/uploads\/2017\/05\/Kampuo\u010dio-e\u017e.-lydekos-2.jpg 576w\" sizes=\"(max-width: 169px) 100vw, 169px\" \/><\/a>\u00a0\u00a0<a href=\"http:\/\/svirkala.lt\/wp-content\/uploads\/2017\/05\/Lazdinink\u0173-e\u017e.-lydekos.jpg\"><img loading=\"lazy\" class=\"alignnone size-medium wp-image-327\" src=\"http:\/\/svirkala.lt\/wp-content\/uploads\/2017\/05\/Lazdinink\u0173-e\u017e.-lydekos-169x300.jpg\" alt=\"\" width=\"169\" height=\"300\" srcset=\"https:\/\/svirkala.lt\/wp-content\/uploads\/2017\/05\/Lazdinink\u0173-e\u017e.-lydekos-169x300.jpg 169w, https:\/\/svirkala.lt\/wp-content\/uploads\/2017\/05\/Lazdinink\u0173-e\u017e.-lydekos.jpg 576w\" sizes=\"(max-width: 169px) 100vw, 169px\" \/><\/a>\u00a0\u00a0<a href=\"http:\/\/svirkala.lt\/wp-content\/uploads\/2017\/05\/Svirnelio-e\u017e.-lynai-3.jpg\"><img loading=\"lazy\" class=\"alignnone size-medium wp-image-329\" src=\"http:\/\/svirkala.lt\/wp-content\/uploads\/2017\/05\/Svirnelio-e\u017e.-lynai-3-169x300.jpg\" alt=\"\" width=\"169\" height=\"300\" srcset=\"https:\/\/svirkala.lt\/wp-content\/uploads\/2017\/05\/Svirnelio-e\u017e.-lynai-3-169x300.jpg 169w, https:\/\/svirkala.lt\/wp-content\/uploads\/2017\/05\/Svirnelio-e\u017e.-lynai-3.jpg 576w\" sizes=\"(max-width: 169px) 100vw, 169px\" \/><\/a> <a href=\"http:\/\/svirkala.lt\/wp-content\/uploads\/2017\/05\/Svirnelio-e\u017e.-lynai.jpg\"><img loading=\"lazy\" class=\"alignnone size-medium wp-image-330\" src=\"http:\/\/svirkala.lt\/wp-content\/uploads\/2017\/05\/Svirnelio-e\u017e.-lynai-300x169.jpg\" alt=\"\" width=\"300\" height=\"169\" srcset=\"https:\/\/svirkala.lt\/wp-content\/uploads\/2017\/05\/Svirnelio-e\u017e.-lynai-300x169.jpg 300w, https:\/\/svirkala.lt\/wp-content\/uploads\/2017\/05\/Svirnelio-e\u017e.-lynai-768x432.jpg 768w, https:\/\/svirkala.lt\/wp-content\/uploads\/2017\/05\/Svirnelio-e\u017e.-lynai.jpg 1024w\" sizes=\"(max-width: 300px) 100vw, 300px\" \/><\/a><\/p>\n","protected":false},"excerpt":{"rendered":"<p>2017 m. baland\u017eio 26 d. atliktas privalomasis (planinis) \u012f\u017euvinimas. \u012e\u017euvinimas vyko dalyvaujant \u0160ven\u010dioni\u0173 rajono aplinkos apsaugos agent\u016bros inspektoriui. I\u0161 viso \u012f klubo e\u017eerus suleista: 7 kg lydek\u0173 (vidurkis &#8211; 300 g\/vnt.) ir 11,5 kg lyn\u0173 (vidurkis &#8211; 160 g\/vnt.). Kampuo\u010dio e\u017eere (inv. nr. 52 &#8211; 7, plotas 4,0 ha) &#8211; \u012fleid\u017eiama 20 vnt. \u0161i\u0173me\u010di\u0173 lydek\u0173; &hellip; <a href=\"https:\/\/svirkala.lt\/?page_id=321\" class=\"more-link\">Toliau skaityti <span class=\"screen-reader-text\">2017 04 26<\/span> <span class=\"meta-nav\">&rarr;<\/span><\/a><\/p>\n","protected":false},"author":1,"featured_media":0,"parent":93,"menu_order":2,"comment_status":"closed","ping_status":"closed","template":"","meta":[],"_links":{"self":[{"href":"https:\/\/svirkala.lt\/index.php?rest_route=\/wp\/v2\/pages\/321"}],"collection":[{"href":"https:\/\/svirkala.lt\/index.php?rest_route=\/wp\/v2\/pages"}],"about":[{"href":"https:\/\/svirkala.lt\/index.php?rest_route=\/wp\/v2\/types\/page"}],"author":[{"embeddable":true,"href":"https:\/\/svirkala.lt\/index.php?rest_route=\/wp\/v2\/users\/1"}],"replies":[{"embeddable":true,"href":"https:\/\/svirkala.lt\/index.php?rest_route=%2Fwp%2Fv2%2Fcomments&post=321"}],"version-history":[{"count":7,"href":"https:\/\/svirkala.lt\/index.php?rest_route=\/wp\/v2\/pages\/321\/revisions"}],"predecessor-version":[{"id":339,"href":"https:\/\/svirkala.lt\/index.php?rest_route=\/wp\/v2\/pages\/321\/revisions\/339"}],"up":[{"embeddable":true,"href":"https:\/\/svirkala.lt\/index.php?rest_route=\/wp\/v2\/pages\/93"}],"wp:attachment":[{"href":"https:\/\/svirkala.lt\/index.php?rest_route=%2Fwp%2Fv2%2Fmedia&parent=321"}],"curies":[{"name":"wp","href":"https:\/\/api.w.org\/{rel}","templated":true}]}}