{"id":354,"date":"2017-10-23T16:52:08","date_gmt":"2017-10-23T16:52:08","guid":{"rendered":"http:\/\/svirkala.lt\/?page_id=354"},"modified":"2017-10-24T14:12:16","modified_gmt":"2017-10-24T14:12:16","slug":"2017-m-liepos-men-kampuocio-ezero-moksliniai-tyrimai","status":"publish","type":"page","link":"https:\/\/svirkala.lt\/?page_id=354","title":{"rendered":"2017 m. liepos m\u0117n. Kampuo\u010dio e\u017eero moksliniai tyrimai"},"content":{"rendered":"<p style=\"text-align: justify;\">Vandens telkinio naudotojo (\u017evej\u0173 klubo \u201eSvirkala\u201c) u\u017esakymu ichtiologiniai tyrimai Kampuo\u010dio e\u017eere atlikti 2017 met\u0173 liepos m\u0117n. Tyrimai vykdyti \u012fvairiaakiais (14 &#8211; 90 mm akytumo) statomaisiais tinklai\u010diais (spec. \u017evejybos leidimo nr.: 026). \u0160i\u0173 ichtiologini\u0173 tyrim\u0173 pagrindu, remiantis \u017euv\u0173 i\u0161tekli\u0173 tyrimo metodika (LR aplinkos ministro 2016 m. spalio 24 d. Nr. D1-698), atlikta Kampuo\u010dio e\u017eero <a href=\"http:\/\/svirkala.lt\/wp-content\/uploads\/2017\/10\/Kampuotis_mokslin\u0117-ataskaita-2017.pdf\" target=\"_blank\" rel=\"noopener\">ichtiologin\u0117 ekspertiz\u0117.<\/a><\/p>\n","protected":false},"excerpt":{"rendered":"<p>Vandens telkinio naudotojo (\u017evej\u0173 klubo \u201eSvirkala\u201c) u\u017esakymu ichtiologiniai tyrimai Kampuo\u010dio e\u017eere atlikti 2017 met\u0173 liepos m\u0117n. Tyrimai vykdyti \u012fvairiaakiais (14 &#8211; 90 mm akytumo) statomaisiais tinklai\u010diais (spec. \u017evejybos leidimo nr.: 026). \u0160i\u0173 ichtiologini\u0173 tyrim\u0173 pagrindu, remiantis \u017euv\u0173 i\u0161tekli\u0173 tyrimo metodika (LR aplinkos ministro 2016 m. spalio 24 d. Nr. D1-698), atlikta Kampuo\u010dio e\u017eero ichtiologin\u0117 ekspertiz\u0117.<\/p>\n","protected":false},"author":1,"featured_media":0,"parent":95,"menu_order":3,"comment_status":"closed","ping_status":"closed","template":"","meta":[],"_links":{"self":[{"href":"https:\/\/svirkala.lt\/index.php?rest_route=\/wp\/v2\/pages\/354"}],"collection":[{"href":"https:\/\/svirkala.lt\/index.php?rest_route=\/wp\/v2\/pages"}],"about":[{"href":"https:\/\/svirkala.lt\/index.php?rest_route=\/wp\/v2\/types\/page"}],"author":[{"embeddable":true,"href":"https:\/\/svirkala.lt\/index.php?rest_route=\/wp\/v2\/users\/1"}],"replies":[{"embeddable":true,"href":"https:\/\/svirkala.lt\/index.php?rest_route=%2Fwp%2Fv2%2Fcomments&post=354"}],"version-history":[{"count":5,"href":"https:\/\/svirkala.lt\/index.php?rest_route=\/wp\/v2\/pages\/354\/revisions"}],"predecessor-version":[{"id":363,"href":"https:\/\/svirkala.lt\/index.php?rest_route=\/wp\/v2\/pages\/354\/revisions\/363"}],"up":[{"embeddable":true,"href":"https:\/\/svirkala.lt\/index.php?rest_route=\/wp\/v2\/pages\/95"}],"wp:attachment":[{"href":"https:\/\/svirkala.lt\/index.php?rest_route=%2Fwp%2Fv2%2Fmedia&parent=354"}],"curies":[{"name":"wp","href":"https:\/\/api.w.org\/{rel}","templated":true}]}}