{"id":368,"date":"2018-11-28T09:43:09","date_gmt":"2018-11-28T09:43:09","guid":{"rendered":"http:\/\/svirkala.lt\/?page_id=368"},"modified":"2019-11-25T09:45:07","modified_gmt":"2019-11-25T09:45:07","slug":"2018-10-17","status":"publish","type":"page","link":"https:\/\/svirkala.lt\/?page_id=368","title":{"rendered":"2018 10 17"},"content":{"rendered":"<p>2018 m. spalio 17 d. atliktas kasmetinis privalomasis \u012f\u017euvinimas \u017evej\u0173 klubo Svirkala e\u017eeruose: 70 vnt. lynuk\u0173 \u012fleista \u012f Svirnelio e\u017eer\u0105, 20 vnt. lydek\u0173 \u012fleista \u012f Kampuo\u010dio e\u017eer\u0105 ir 3 vnt. lydek\u0173 \u012fleista \u012f Lazdinink\u0173 e\u017eer\u0105. \u012e\u017euvinime dalyvavo Aplinkos apsaugos departamento Vilniaus valdybos \u0160ven\u010dioni\u0173 aplinkos apsaugos inspektorius.<\/p>\n<p><a href=\"http:\/\/svirkala.lt\/wp-content\/uploads\/2018\/11\/DSC_0086-e1543398522864.jpg\"><img loading=\"lazy\" class=\"alignnone size-medium wp-image-373\" src=\"http:\/\/svirkala.lt\/wp-content\/uploads\/2018\/11\/DSC_0086-e1543398522864-169x300.jpg\" alt=\"\" width=\"169\" height=\"300\" srcset=\"https:\/\/svirkala.lt\/wp-content\/uploads\/2018\/11\/DSC_0086-e1543398522864-169x300.jpg 169w, https:\/\/svirkala.lt\/wp-content\/uploads\/2018\/11\/DSC_0086-e1543398522864-768x1365.jpg 768w, https:\/\/svirkala.lt\/wp-content\/uploads\/2018\/11\/DSC_0086-e1543398522864-576x1024.jpg 576w\" sizes=\"(max-width: 169px) 100vw, 169px\" \/><\/a> <a href=\"http:\/\/svirkala.lt\/wp-content\/uploads\/2018\/11\/DSC_0084-e1543398441385.jpg\"><img loading=\"lazy\" class=\"alignnone size-medium wp-image-372\" src=\"http:\/\/svirkala.lt\/wp-content\/uploads\/2018\/11\/DSC_0084-e1543398441385-169x300.jpg\" alt=\"\" width=\"169\" height=\"300\" srcset=\"https:\/\/svirkala.lt\/wp-content\/uploads\/2018\/11\/DSC_0084-e1543398441385-169x300.jpg 169w, https:\/\/svirkala.lt\/wp-content\/uploads\/2018\/11\/DSC_0084-e1543398441385-768x1365.jpg 768w, https:\/\/svirkala.lt\/wp-content\/uploads\/2018\/11\/DSC_0084-e1543398441385-576x1024.jpg 576w\" sizes=\"(max-width: 169px) 100vw, 169px\" \/><\/a> <a href=\"http:\/\/svirkala.lt\/wp-content\/uploads\/2018\/11\/DSC_0082-e1543398357514.jpg\"><img loading=\"lazy\" class=\"alignnone size-medium wp-image-371\" src=\"http:\/\/svirkala.lt\/wp-content\/uploads\/2018\/11\/DSC_0082-e1543398357514-169x300.jpg\" alt=\"\" width=\"169\" height=\"300\" srcset=\"https:\/\/svirkala.lt\/wp-content\/uploads\/2018\/11\/DSC_0082-e1543398357514-169x300.jpg 169w, https:\/\/svirkala.lt\/wp-content\/uploads\/2018\/11\/DSC_0082-e1543398357514-768x1365.jpg 768w, https:\/\/svirkala.lt\/wp-content\/uploads\/2018\/11\/DSC_0082-e1543398357514-576x1024.jpg 576w\" sizes=\"(max-width: 169px) 100vw, 169px\" \/><\/a> <a href=\"http:\/\/svirkala.lt\/wp-content\/uploads\/2018\/11\/DSC_0080-e1543398393998.jpg\"><img loading=\"lazy\" class=\"alignnone size-medium wp-image-370\" src=\"http:\/\/svirkala.lt\/wp-content\/uploads\/2018\/11\/DSC_0080-e1543398393998-169x300.jpg\" alt=\"\" width=\"169\" height=\"300\" srcset=\"https:\/\/svirkala.lt\/wp-content\/uploads\/2018\/11\/DSC_0080-e1543398393998-169x300.jpg 169w, https:\/\/svirkala.lt\/wp-content\/uploads\/2018\/11\/DSC_0080-e1543398393998-768x1365.jpg 768w, https:\/\/svirkala.lt\/wp-content\/uploads\/2018\/11\/DSC_0080-e1543398393998-576x1024.jpg 576w\" sizes=\"(max-width: 169px) 100vw, 169px\" \/><\/a><\/p>\n","protected":false},"excerpt":{"rendered":"<p>2018 m. spalio 17 d. atliktas kasmetinis privalomasis \u012f\u017euvinimas \u017evej\u0173 klubo Svirkala e\u017eeruose: 70 vnt. lynuk\u0173 \u012fleista \u012f Svirnelio e\u017eer\u0105, 20 vnt. lydek\u0173 \u012fleista \u012f Kampuo\u010dio e\u017eer\u0105 ir 3 vnt. lydek\u0173 \u012fleista \u012f Lazdinink\u0173 e\u017eer\u0105. \u012e\u017euvinime dalyvavo Aplinkos apsaugos departamento Vilniaus valdybos \u0160ven\u010dioni\u0173 aplinkos apsaugos inspektorius.<\/p>\n","protected":false},"author":1,"featured_media":0,"parent":93,"menu_order":1,"comment_status":"closed","ping_status":"closed","template":"","meta":[],"_links":{"self":[{"href":"https:\/\/svirkala.lt\/index.php?rest_route=\/wp\/v2\/pages\/368"}],"collection":[{"href":"https:\/\/svirkala.lt\/index.php?rest_route=\/wp\/v2\/pages"}],"about":[{"href":"https:\/\/svirkala.lt\/index.php?rest_route=\/wp\/v2\/types\/page"}],"author":[{"embeddable":true,"href":"https:\/\/svirkala.lt\/index.php?rest_route=\/wp\/v2\/users\/1"}],"replies":[{"embeddable":true,"href":"https:\/\/svirkala.lt\/index.php?rest_route=%2Fwp%2Fv2%2Fcomments&post=368"}],"version-history":[{"count":5,"href":"https:\/\/svirkala.lt\/index.php?rest_route=\/wp\/v2\/pages\/368\/revisions"}],"predecessor-version":[{"id":416,"href":"https:\/\/svirkala.lt\/index.php?rest_route=\/wp\/v2\/pages\/368\/revisions\/416"}],"up":[{"embeddable":true,"href":"https:\/\/svirkala.lt\/index.php?rest_route=\/wp\/v2\/pages\/93"}],"wp:attachment":[{"href":"https:\/\/svirkala.lt\/index.php?rest_route=%2Fwp%2Fv2%2Fmedia&parent=368"}],"curies":[{"name":"wp","href":"https:\/\/api.w.org\/{rel}","templated":true}]}}