{"id":411,"date":"2019-11-25T09:43:52","date_gmt":"2019-11-25T09:43:52","guid":{"rendered":"http:\/\/svirkala.lt\/?page_id=411"},"modified":"2019-11-25T09:43:52","modified_gmt":"2019-11-25T09:43:52","slug":"2019-04-04","status":"publish","type":"page","link":"https:\/\/svirkala.lt\/?page_id=411","title":{"rendered":"2019 04 04"},"content":{"rendered":"<h3>E\u017eer\u0173 \u012f\u017euvinimas 2019 m. baland\u017eio 4 d.<\/h3>\n<p>2019 m. baland\u017eio 4 d. atliktas kasmetinis privalomasis \u012f\u017euvinimas \u017evej\u0173 klubo Svirkala e\u017eeruose: 70 vnt. lynuk\u0173 (bendras svoris 1,5 kg) \u012fleista \u012f Svirnelio e\u017eer\u0105, 20 vnt. lydek\u0173 (bendras svoris 4,1 kg) \u012fleista \u012f Kampuo\u010dio e\u017eer\u0105 ir 3 vnt. lydek\u0173 (bendras svoris 0,6 kg) \u012fleista \u012f Lazdinink\u0173 e\u017eer\u0105.<\/p>\n<p><a href=\"http:\/\/svirkala.lt\/wp-content\/uploads\/2019\/11\/IMG_9805.jpg\"><img loading=\"lazy\" class=\"alignnone size-medium wp-image-412\" src=\"http:\/\/svirkala.lt\/wp-content\/uploads\/2019\/11\/IMG_9805-300x200.jpg\" alt=\"\" width=\"300\" height=\"200\" srcset=\"https:\/\/svirkala.lt\/wp-content\/uploads\/2019\/11\/IMG_9805-300x200.jpg 300w, https:\/\/svirkala.lt\/wp-content\/uploads\/2019\/11\/IMG_9805-768x512.jpg 768w, https:\/\/svirkala.lt\/wp-content\/uploads\/2019\/11\/IMG_9805.jpg 800w\" sizes=\"(max-width: 300px) 100vw, 300px\" \/><\/a> <a href=\"http:\/\/svirkala.lt\/wp-content\/uploads\/2019\/11\/IMG_9809-cropped.jpg\"><img loading=\"lazy\" class=\"alignnone size-medium wp-image-413\" src=\"http:\/\/svirkala.lt\/wp-content\/uploads\/2019\/11\/IMG_9809-cropped-300x126.jpg\" alt=\"\" width=\"300\" height=\"126\" srcset=\"https:\/\/svirkala.lt\/wp-content\/uploads\/2019\/11\/IMG_9809-cropped-300x126.jpg 300w, https:\/\/svirkala.lt\/wp-content\/uploads\/2019\/11\/IMG_9809-cropped-768x322.jpg 768w, https:\/\/svirkala.lt\/wp-content\/uploads\/2019\/11\/IMG_9809-cropped.jpg 800w\" sizes=\"(max-width: 300px) 100vw, 300px\" \/><\/a><\/p>\n","protected":false},"excerpt":{"rendered":"<p>E\u017eer\u0173 \u012f\u017euvinimas 2019 m. baland\u017eio 4 d. 2019 m. baland\u017eio 4 d. atliktas kasmetinis privalomasis \u012f\u017euvinimas \u017evej\u0173 klubo Svirkala e\u017eeruose: 70 vnt. lynuk\u0173 (bendras svoris 1,5 kg) \u012fleista \u012f Svirnelio e\u017eer\u0105, 20 vnt. lydek\u0173 (bendras svoris 4,1 kg) \u012fleista \u012f Kampuo\u010dio e\u017eer\u0105 ir 3 vnt. lydek\u0173 (bendras svoris 0,6 kg) \u012fleista \u012f Lazdinink\u0173 e\u017eer\u0105.<\/p>\n","protected":false},"author":1,"featured_media":0,"parent":93,"menu_order":0,"comment_status":"closed","ping_status":"closed","template":"","meta":[],"_links":{"self":[{"href":"https:\/\/svirkala.lt\/index.php?rest_route=\/wp\/v2\/pages\/411"}],"collection":[{"href":"https:\/\/svirkala.lt\/index.php?rest_route=\/wp\/v2\/pages"}],"about":[{"href":"https:\/\/svirkala.lt\/index.php?rest_route=\/wp\/v2\/types\/page"}],"author":[{"embeddable":true,"href":"https:\/\/svirkala.lt\/index.php?rest_route=\/wp\/v2\/users\/1"}],"replies":[{"embeddable":true,"href":"https:\/\/svirkala.lt\/index.php?rest_route=%2Fwp%2Fv2%2Fcomments&post=411"}],"version-history":[{"count":2,"href":"https:\/\/svirkala.lt\/index.php?rest_route=\/wp\/v2\/pages\/411\/revisions"}],"predecessor-version":[{"id":415,"href":"https:\/\/svirkala.lt\/index.php?rest_route=\/wp\/v2\/pages\/411\/revisions\/415"}],"up":[{"embeddable":true,"href":"https:\/\/svirkala.lt\/index.php?rest_route=\/wp\/v2\/pages\/93"}],"wp:attachment":[{"href":"https:\/\/svirkala.lt\/index.php?rest_route=%2Fwp%2Fv2%2Fmedia&parent=411"}],"curies":[{"name":"wp","href":"https:\/\/api.w.org\/{rel}","templated":true}]}}