{"id":50,"date":"2014-05-10T11:03:31","date_gmt":"2014-05-10T11:03:31","guid":{"rendered":"http:\/\/svirkala.lt\/?page_id=50"},"modified":"2019-04-02T09:37:05","modified_gmt":"2019-04-02T09:37:05","slug":"kontaktai","status":"publish","type":"page","link":"https:\/\/svirkala.lt\/?page_id=50","title":{"rendered":"Kontaktai"},"content":{"rendered":"<p><strong>REKVIZITAI<br \/>\n<\/strong>Acociacija \u017evej\u0173 klubas &#8222;Svirkala&#8221;<br \/>\n\u012emon\u0117s kodas: 303075915<br \/>\nAdresas: K. Borutos g. 24-21, LT-08335 Vilnius<br \/>\nS\u0105skaitos nr.: LT627180300036467371<br \/>\nBankas: \u0160iauli\u0173 Bankas, AB<\/p>\n<p><strong>KONTAKTAI<br \/>\n<\/strong>Telefonas: 8-616 95074<br \/>\nEl. p. adresas: svirkala@gmail.com<\/p>\n","protected":false},"excerpt":{"rendered":"<p>REKVIZITAI Acociacija \u017evej\u0173 klubas &#8222;Svirkala&#8221; \u012emon\u0117s kodas: 303075915 Adresas: K. Borutos g. 24-21, LT-08335 Vilnius S\u0105skaitos nr.: LT627180300036467371 Bankas: \u0160iauli\u0173 Bankas, AB KONTAKTAI Telefonas: 8-616 95074 El. p. adresas: svirkala@gmail.com<\/p>\n","protected":false},"author":1,"featured_media":0,"parent":0,"menu_order":4,"comment_status":"closed","ping_status":"closed","template":"","meta":[],"_links":{"self":[{"href":"https:\/\/svirkala.lt\/index.php?rest_route=\/wp\/v2\/pages\/50"}],"collection":[{"href":"https:\/\/svirkala.lt\/index.php?rest_route=\/wp\/v2\/pages"}],"about":[{"href":"https:\/\/svirkala.lt\/index.php?rest_route=\/wp\/v2\/types\/page"}],"author":[{"embeddable":true,"href":"https:\/\/svirkala.lt\/index.php?rest_route=\/wp\/v2\/users\/1"}],"replies":[{"embeddable":true,"href":"https:\/\/svirkala.lt\/index.php?rest_route=%2Fwp%2Fv2%2Fcomments&post=50"}],"version-history":[{"count":4,"href":"https:\/\/svirkala.lt\/index.php?rest_route=\/wp\/v2\/pages\/50\/revisions"}],"predecessor-version":[{"id":408,"href":"https:\/\/svirkala.lt\/index.php?rest_route=\/wp\/v2\/pages\/50\/revisions\/408"}],"wp:attachment":[{"href":"https:\/\/svirkala.lt\/index.php?rest_route=%2Fwp%2Fv2%2Fmedia&parent=50"}],"curies":[{"name":"wp","href":"https:\/\/api.w.org\/{rel}","templated":true}]}}