{"id":79,"date":"2014-05-10T12:25:03","date_gmt":"2014-05-10T12:25:03","guid":{"rendered":"http:\/\/svirkala.lt\/?page_id=79"},"modified":"2015-10-09T15:02:31","modified_gmt":"2015-10-09T15:02:31","slug":"leidimu-kainos","status":"publish","type":"page","link":"https:\/\/svirkala.lt\/?page_id=79","title":{"rendered":"Leidim\u0173 kainos"},"content":{"rendered":"<p style=\"text-align: justify;\">Norint \u017evejoti vandens telkiniuose, \u017dvej\u0173 klubo &#8222;Svirkala&#8221; naudojamuose\u00a0\u00a0m\u0117g\u0117j\u0173 \u017evejybai, privaloma tur\u0117ti \u0161i\u0105 galimyb\u0119 suteikiant\u012f leidim\u0105. \u017dvejybos leidimus\u00a0galima \u012fsigyti dviem b\u016bdais:<\/p>\n<p><a href=\"http:\/\/svirkala.lt\/wp-content\/uploads\/2014\/01\/1column.png\"><img loading=\"lazy\" class=\"alignnone  wp-image-21\" src=\"http:\/\/svirkala.lt\/wp-content\/uploads\/2014\/01\/1column.png\" alt=\"1column\" width=\"34\" height=\"34\" \/><\/a>\u00a0\u00a0\u00a0\u00a0\u00a0 <strong>Internetu aplinkos leidim\u0173 informacin\u0117je sistemoje <a title=\"ALIS\" href=\"https:\/\/alis.am.lt\/actionNewApplication.action \" target=\"_blank\">ALIS<\/a><\/strong><\/p>\n<p style=\"text-align: justify;\">\u012esigyjant leidimus internetu kaina vienam e\u017eerui (Kampuotis arba Lazdininkai) metams &#8211; 14 EUR, m\u0117nesiui (30 par\u0173) &#8211; 5 EUR , dviem paroms &#8211; 1,40 EUR. \u012esigyti vieno leidimo visiems klubo e\u017eerams i\u0161 karto ALIS sistema kolkas nesudaro technini\u0173 galimybi\u0173.<\/p>\n<p style=\"text-align: justify;\"><a href=\"http:\/\/svirkala.lt\/?page_id=104\">Svirnelio<\/a> e\u017eere, kuriame galioja <a href=\"http:\/\/svirkala.lt\/?page_id=192\">limituotos \u017evejybos re\u017eimas<\/a>, leidim\u0105 (\u017evejo kortel\u0119 limituotai lyn\u0173 \u017evejybai) galima \u012fsigyti renkantis pagal \u017euv\u0173 r\u016b\u0161is (Lynas) ir tada pasirenkant vandens telkin\u012f &#8211; Svirnelio e\u017eeras. Leidimo kaina 14 EUR vienai parai.<\/p>\n<p style=\"text-align: justify;\">Jeigu susiduriate su techniniais sunkumais \u012fsigyjant leidimus per ALIS maloniai pra\u0161ome apie problemas prane\u0161ti \u017dvej\u0173 klubui &#8222;Svirkala&#8221; nurodytais <a href=\"http:\/\/svirkala.lt\/?page_id=50\">kontaktais<\/a>.<\/p>\n<p><a href=\"http:\/\/svirkala.lt\/wp-content\/uploads\/2014\/01\/2column.png\"><img loading=\"lazy\" class=\"alignnone  wp-image-22\" src=\"http:\/\/svirkala.lt\/wp-content\/uploads\/2014\/01\/2column.png\" alt=\"2column\" width=\"34\" height=\"34\" \/><\/a>\u00a0\u00a0\u00a0\u00a0\u00a0<strong> Tiesiogiai i\u0161 \u017dvej\u0173 klubo &#8222;Svirkala&#8221; atstov\u0173 i\u0161 anksto suderinus telefonu<\/strong><\/p>\n<p style=\"text-align: justify;\">Prasine\u0161us i\u0161 anksto apie planuojam\u0105 \u017evejyb\u0105 galima leidimus \u012fsigyti sutartu laiku prie klubo e\u017eer\u0173 \u017evejybos dien\u0105 i\u0161 \u017dvej\u0173 klubo &#8222;Svirkala&#8221; atstov\u0173.<\/p>\n<p style=\"text-align: justify;\">Leidim\u0173 m\u0117g\u0117j\u0173 \u017evejybai <a href=\"http:\/\/svirkala.lt\/?page_id=106\">Kampuo\u010dio<\/a> ir <a href=\"http:\/\/svirkala.lt\/?page_id=108\">Lazdinink\u0173<\/a> e\u017eeruose, kuriuose neorganizuota limituota \u017evejyba, kaina abiem e\u017eerams\u00a0kartu: metams &#8211;\u00a09 EUR, m\u0117nesiui (30 par\u0173) &#8211; 4,50\u00a0EUR, dviem paroms &#8211;\u00a01,40 EUR.<\/p>\n<p style=\"text-align: justify;\"><a href=\"http:\/\/svirkala.lt\/?page_id=104\">Svirnelio<\/a> e\u017eere, kuriame galioja <a href=\"http:\/\/svirkala.lt\/?page_id=192\">limituotos \u017evejybos re\u017eimas<\/a>, leidimo (\u017evejo kortel\u0117s limituotai lyn\u0173 \u017evejybai) kaina vienai parai &#8211; 14 EUR.<\/p>\n<p style=\"text-align: justify;\">\u017dvej\u0173 klubas &#8222;Svirkala&#8221; vadovaujasi &#8222;pagavai &#8211; paleisk&#8221; principu ir to paties tikisi i\u0161 klubo e\u017eeruose \u017evejojan\u010di\u0173 sve\u010di\u0173. Leidimo tur\u0117tojas patvirtina, kad yra susipa\u017ein\u0119s su M\u0117g\u0117j\u0173 \u017evejybos taisykl\u0117mis ir Asvejos regioninio parko lankymo taisykl\u0117mis.<\/p>\n<p>&nbsp;<\/p>\n","protected":false},"excerpt":{"rendered":"<p>Norint \u017evejoti vandens telkiniuose, \u017dvej\u0173 klubo &#8222;Svirkala&#8221; naudojamuose\u00a0\u00a0m\u0117g\u0117j\u0173 \u017evejybai, privaloma tur\u0117ti \u0161i\u0105 galimyb\u0119 suteikiant\u012f leidim\u0105. \u017dvejybos leidimus\u00a0galima \u012fsigyti dviem b\u016bdais: \u00a0\u00a0\u00a0\u00a0\u00a0 Internetu aplinkos leidim\u0173 informacin\u0117je sistemoje ALIS \u012esigyjant leidimus internetu kaina vienam e\u017eerui (Kampuotis arba Lazdininkai) metams &#8211; 14 EUR, m\u0117nesiui (30 par\u0173) &#8211; 5 EUR , dviem paroms &#8211; 1,40 EUR. \u012esigyti vieno leidimo &hellip; <a href=\"https:\/\/svirkala.lt\/?page_id=79\" class=\"more-link\">Toliau skaityti <span class=\"screen-reader-text\">Leidim\u0173 kainos<\/span> <span class=\"meta-nav\">&rarr;<\/span><\/a><\/p>\n","protected":false},"author":1,"featured_media":0,"parent":100,"menu_order":0,"comment_status":"closed","ping_status":"closed","template":"","meta":[],"_links":{"self":[{"href":"https:\/\/svirkala.lt\/index.php?rest_route=\/wp\/v2\/pages\/79"}],"collection":[{"href":"https:\/\/svirkala.lt\/index.php?rest_route=\/wp\/v2\/pages"}],"about":[{"href":"https:\/\/svirkala.lt\/index.php?rest_route=\/wp\/v2\/types\/page"}],"author":[{"embeddable":true,"href":"https:\/\/svirkala.lt\/index.php?rest_route=\/wp\/v2\/users\/1"}],"replies":[{"embeddable":true,"href":"https:\/\/svirkala.lt\/index.php?rest_route=%2Fwp%2Fv2%2Fcomments&post=79"}],"version-history":[{"count":13,"href":"https:\/\/svirkala.lt\/index.php?rest_route=\/wp\/v2\/pages\/79\/revisions"}],"predecessor-version":[{"id":260,"href":"https:\/\/svirkala.lt\/index.php?rest_route=\/wp\/v2\/pages\/79\/revisions\/260"}],"up":[{"embeddable":true,"href":"https:\/\/svirkala.lt\/index.php?rest_route=\/wp\/v2\/pages\/100"}],"wp:attachment":[{"href":"https:\/\/svirkala.lt\/index.php?rest_route=%2Fwp%2Fv2%2Fmedia&parent=79"}],"curies":[{"name":"wp","href":"https:\/\/api.w.org\/{rel}","templated":true}]}}