{"id":89,"date":"2015-01-22T22:49:45","date_gmt":"2015-01-22T22:49:45","guid":{"rendered":"http:\/\/svirkala.lt\/?page_id=89"},"modified":"2018-12-14T13:09:59","modified_gmt":"2018-12-14T13:09:59","slug":"veikla","status":"publish","type":"page","link":"https:\/\/svirkala.lt\/?page_id=89","title":{"rendered":"Veikla"},"content":{"rendered":"<p>\u0160ioje skiltyje rasite informacij\u0105 apie klubo vykdom\u0105 veikl\u0105: \u012f\u017euvinim\u0105, e\u017eer\u0173 ir pakran\u010di\u0173 tvarkym\u0105, ner\u0161tavie\u010di\u0173 \u012frengim\u0105, mokslinius tyrimus, organizuojamus renginius ir kitus nuveiktus darbus.<\/p>\n<h4><a href=\"http:\/\/svirkala.lt\/?page_id=93\">\u012e\u017euvinimas<\/a><\/h4>\n<h4><span style=\"color: #993300;\"><a href=\"http:\/\/svirkala.lt\/?page_id=95\">Moksliniai tyrimai<\/a><\/span><\/h4>\n<h4><span style=\"color: #993300;\"><a href=\"http:\/\/svirkala.lt\/?page_id=97\">E\u017eer\u0173 prie\u017ei\u016bra<\/a><\/span><\/h4>\n<h5><a href=\"http:\/\/svirkala.lt\/?page_id=162\">Naryst\u0117 klube<\/a><\/h5>\n","protected":false},"excerpt":{"rendered":"<p>\u0160ioje skiltyje rasite informacij\u0105 apie klubo vykdom\u0105 veikl\u0105: \u012f\u017euvinim\u0105, e\u017eer\u0173 ir pakran\u010di\u0173 tvarkym\u0105, ner\u0161tavie\u010di\u0173 \u012frengim\u0105, mokslinius tyrimus, organizuojamus renginius ir kitus nuveiktus darbus. \u012e\u017euvinimas Moksliniai tyrimai E\u017eer\u0173 prie\u017ei\u016bra Naryst\u0117 klube<\/p>\n","protected":false},"author":1,"featured_media":0,"parent":0,"menu_order":0,"comment_status":"closed","ping_status":"closed","template":"","meta":[],"_links":{"self":[{"href":"https:\/\/svirkala.lt\/index.php?rest_route=\/wp\/v2\/pages\/89"}],"collection":[{"href":"https:\/\/svirkala.lt\/index.php?rest_route=\/wp\/v2\/pages"}],"about":[{"href":"https:\/\/svirkala.lt\/index.php?rest_route=\/wp\/v2\/types\/page"}],"author":[{"embeddable":true,"href":"https:\/\/svirkala.lt\/index.php?rest_route=\/wp\/v2\/users\/1"}],"replies":[{"embeddable":true,"href":"https:\/\/svirkala.lt\/index.php?rest_route=%2Fwp%2Fv2%2Fcomments&post=89"}],"version-history":[{"count":8,"href":"https:\/\/svirkala.lt\/index.php?rest_route=\/wp\/v2\/pages\/89\/revisions"}],"predecessor-version":[{"id":406,"href":"https:\/\/svirkala.lt\/index.php?rest_route=\/wp\/v2\/pages\/89\/revisions\/406"}],"wp:attachment":[{"href":"https:\/\/svirkala.lt\/index.php?rest_route=%2Fwp%2Fv2%2Fmedia&parent=89"}],"curies":[{"name":"wp","href":"https:\/\/api.w.org\/{rel}","templated":true}]}}