{"id":95,"date":"2015-01-24T00:11:00","date_gmt":"2015-01-24T00:11:00","guid":{"rendered":"http:\/\/svirkala.lt\/?page_id=95"},"modified":"2017-10-23T17:03:30","modified_gmt":"2017-10-23T17:03:30","slug":"moksliniai-tyrimai","status":"publish","type":"page","link":"https:\/\/svirkala.lt\/?page_id=95","title":{"rendered":"Moksliniai tyrimai"},"content":{"rendered":"<p style=\"text-align: justify;\">\u017dvej\u0173 klubas &#8222;Svirkala&#8221; pri\u017ei\u016bri ir \u017euvina klubo vandens telkinius remdamasis ichtiolog\u0173 rekomendacijomis. Tod\u0117l klubas savo iniciatyva ir l\u0117\u0161omis\u00a0u\u017esako reikalingus e\u017eer\u0173 ichtiologinius\u00a0tyrimus. Pagal kiekvienam vandens telkiniui nustatytus \u017euv\u0173 i\u0161tekli\u0173 naudojimo, atk\u016brimo ir apsaugos priemoni\u0173 planus moksliniai tyrimai yra privalomi naudojimo sutarties pabaigoje &#8211; t.y. po 10 met\u0173.\u00a0Tokie yra standartiniai planai rengiami Nacionalin\u0117s \u017eem\u0117s tarnybos ir derinami\u00a0Aplinkos ministerijos. Vis d\u0117lto,\u00a0nor\u0117dami pasiekti kuo geresni\u0173 rezultat\u0173, turime \u017einoti tikslias \u017euv\u0173 veisimosi ir augimo s\u0105lygas \u0161iandien. Tod\u0117l tyrimus atliekame kiek galime anks\u010diau, ir papildomai po\u00a0atlikt\u0173 tyrim\u0173 pastoviai konsultuojam\u0117s su patyrusiais ichtiologais ir, jeigu reikia atliekame papildomus vandens b\u016bkl\u0117s, deguonies re\u017eimo ir kitus matavimus. Klubo atlikti moksliniai tyrimai:<\/p>\n<h6 style=\"text-align: justify;\"><a href=\"http:\/\/svirkala.lt\/?page_id=275\">2014 m. spalio 5 d. Svirnelio e\u017eero moksliniai tyrimai.<\/a><\/h6>\n<h6><a href=\"http:\/\/svirkala.lt\/?page_id=348\">2017 m. liepos m\u0117n. Svirnelio e\u017eero moksliniai tyrimai.<\/a><\/h6>\n<h6><a href=\"http:\/\/svirkala.lt\/?page_id=354\">2017 m. liepos m\u0117n. Kampuo\u010dio e\u017eero moksliniai tyrimai.<\/a><\/h6>\n","protected":false},"excerpt":{"rendered":"<p>\u017dvej\u0173 klubas &#8222;Svirkala&#8221; pri\u017ei\u016bri ir \u017euvina klubo vandens telkinius remdamasis ichtiolog\u0173 rekomendacijomis. Tod\u0117l klubas savo iniciatyva ir l\u0117\u0161omis\u00a0u\u017esako reikalingus e\u017eer\u0173 ichtiologinius\u00a0tyrimus. Pagal kiekvienam vandens telkiniui nustatytus \u017euv\u0173 i\u0161tekli\u0173 naudojimo, atk\u016brimo ir apsaugos priemoni\u0173 planus moksliniai tyrimai yra privalomi naudojimo sutarties pabaigoje &#8211; t.y. po 10 met\u0173.\u00a0Tokie yra standartiniai planai rengiami Nacionalin\u0117s \u017eem\u0117s tarnybos ir derinami\u00a0Aplinkos &hellip; <a href=\"https:\/\/svirkala.lt\/?page_id=95\" class=\"more-link\">Toliau skaityti <span class=\"screen-reader-text\">Moksliniai tyrimai<\/span> <span class=\"meta-nav\">&rarr;<\/span><\/a><\/p>\n","protected":false},"author":1,"featured_media":0,"parent":89,"menu_order":0,"comment_status":"closed","ping_status":"closed","template":"","meta":[],"_links":{"self":[{"href":"https:\/\/svirkala.lt\/index.php?rest_route=\/wp\/v2\/pages\/95"}],"collection":[{"href":"https:\/\/svirkala.lt\/index.php?rest_route=\/wp\/v2\/pages"}],"about":[{"href":"https:\/\/svirkala.lt\/index.php?rest_route=\/wp\/v2\/types\/page"}],"author":[{"embeddable":true,"href":"https:\/\/svirkala.lt\/index.php?rest_route=\/wp\/v2\/users\/1"}],"replies":[{"embeddable":true,"href":"https:\/\/svirkala.lt\/index.php?rest_route=%2Fwp%2Fv2%2Fcomments&post=95"}],"version-history":[{"count":12,"href":"https:\/\/svirkala.lt\/index.php?rest_route=\/wp\/v2\/pages\/95\/revisions"}],"predecessor-version":[{"id":359,"href":"https:\/\/svirkala.lt\/index.php?rest_route=\/wp\/v2\/pages\/95\/revisions\/359"}],"up":[{"embeddable":true,"href":"https:\/\/svirkala.lt\/index.php?rest_route=\/wp\/v2\/pages\/89"}],"wp:attachment":[{"href":"https:\/\/svirkala.lt\/index.php?rest_route=%2Fwp%2Fv2%2Fmedia&parent=95"}],"curies":[{"name":"wp","href":"https:\/\/api.w.org\/{rel}","templated":true}]}}